{"id":988,"date":"2022-08-24T09:43:37","date_gmt":"2022-08-24T09:43:37","guid":{"rendered":"http:\/\/elangrill.com\/?post_type=product&#038;p=988"},"modified":"2023-02-20T13:47:21","modified_gmt":"2023-02-20T13:47:21","slug":"rullo-per-kurtoskalacs","status":"publish","type":"product","link":"https:\/\/www.elangrill.com\/en\/product\/rullo-per-kurtoskalacs\/","title":{"rendered":"kurtoskalacs roll grill"},"content":{"rendered":"<p>Accessory for Multigrill.<\/p>\n<p>&nbsp;<\/p>\n<p>Multigrills are a device that was specifically developed for small restaurants, where production volumes are low but quality must remain high. With a glass door isolating the cooking chamber, and size which can get as small as just two turnspits for smaller establishments, multigrills come in gas and electric models. In both cases, cooking results are perfect, and a stainless steel frame guarantees for the sturdiness of the device.<\/p>","protected":false},"excerpt":{"rendered":"<p>Accessorio per Multigrill. &nbsp; Il multigrill \u00e8 un dispositivo sviluppato appositamente per la piccola ristorazione, dove il volume di prodotto \u00e8 contenuto ma la qualit\u00e0 deve rimanere alta. Con uno sportello in vetro che isola l\u2019ambiente di cottura, e dimensioni che partono da due spiedi per adattarsi anche alle realt\u00e0 pi\u00f9 piccole, il multigrill pu\u00f2 [&hellip;]<\/p>\n","protected":false},"featured_media":4525,"template":"","meta":[],"product_brand":[],"product_cat":[65],"product_tag":[],"class_list":{"0":"post-988","1":"product","2":"type-product","3":"status-publish","4":"has-post-thumbnail","6":"product_cat-accessori-per-multigrill","8":"first","9":"instock","10":"shipping-taxable","11":"purchasable","12":"product-type-simple"},"aioseo_notices":[],"_links":{"self":[{"href":"https:\/\/www.elangrill.com\/en\/wp-json\/wp\/v2\/product\/988","targetHints":{"allow":["GET"]}}],"collection":[{"href":"https:\/\/www.elangrill.com\/en\/wp-json\/wp\/v2\/product"}],"about":[{"href":"https:\/\/www.elangrill.com\/en\/wp-json\/wp\/v2\/types\/product"}],"wp:featuredmedia":[{"embeddable":true,"href":"https:\/\/www.elangrill.com\/en\/wp-json\/wp\/v2\/media\/4525"}],"wp:attachment":[{"href":"https:\/\/www.elangrill.com\/en\/wp-json\/wp\/v2\/media?parent=988"}],"wp:term":[{"taxonomy":"product_brand","embeddable":true,"href":"https:\/\/www.elangrill.com\/en\/wp-json\/wp\/v2\/product_brand?post=988"},{"taxonomy":"product_cat","embeddable":true,"href":"https:\/\/www.elangrill.com\/en\/wp-json\/wp\/v2\/product_cat?post=988"},{"taxonomy":"product_tag","embeddable":true,"href":"https:\/\/www.elangrill.com\/en\/wp-json\/wp\/v2\/product_tag?post=988"}],"curies":[{"name":"wp","href":"https:\/\/api.w.org\/{rel}","templated":true}]}}