{"id":5732,"date":"2023-12-05T08:54:47","date_gmt":"2023-12-05T08:54:47","guid":{"rendered":"https:\/\/www.elangrill.com\/?post_type=product&#038;p=5732"},"modified":"2025-10-27T09:58:39","modified_gmt":"2025-10-27T09:58:39","slug":"salamandra-cm-29-bull","status":"publish","type":"product","link":"https:\/\/www.elangrill.com\/en\/product\/salamandra-cm-29-bull\/","title":{"rendered":"SALAMANDRA CM 29 BULL"},"content":{"rendered":"<p><span style=\"text-decoration: underline;\"><strong>TECHNICAL FEATURES:<\/strong><\/span><\/p>\n<div class=\"vc_row wpb_row vc_row-fluid\">\n<div class=\"wpb_column vc_column_container vc_col-sm-4 vc_hidden-xs\">\n<div class=\"vc_column-inner\">\n<div class=\"wpb_wrapper\">\n<div class=\"wpb_text_column wpb_content_element\">\n<div class=\"wpb_wrapper\">\n<ul>\n<li>Stainless steel supporting structure<\/li>\n<li>Automatic grid position adjustment<\/li>\n<li>Interior lighting<\/li>\n<li>Stainless steel fat collection bucket<\/li>\n<li>Removable support tray<\/li>\n<li>Dimensions: mm 1407 x 583 x 585 h<\/li>\n<\/ul>\n<\/div>\n<\/div>\n<\/div>\n<p>&nbsp;<\/p>\n<p>Con le griglie Bull CM 9 e 29 potrai cucinare una vasta gamma di cibi con precisione e facilit\u00e0. E&#8217; dotata di una griglia automatica regolabile in altezza che fornisce la flessibilit\u00e0 necessaria per preparare una variet\u00e0 di piatti, permettendo di adattare la distanza tra il cibo e la fonte di calore con un semplice tocco. Che si tratti di carne, pesce o verdure, questa griglia si adatta perfettamente alle esigenze culinarie di ogni chef.<\/p>\n<p>&nbsp;<\/p>\n<\/div>\n<\/div>\n<\/div>","protected":false},"excerpt":{"rendered":"<p style=\"text-align: center;\">electric or gas:<br \/>\ncook and grill<br \/>\nmeat, fish and vegetables<\/p>","protected":false},"featured_media":5733,"template":"","meta":[],"product_brand":[],"product_cat":[52],"product_tag":[],"class_list":{"0":"post-5732","1":"product","2":"type-product","3":"status-publish","4":"has-post-thumbnail","6":"product_cat-salamandra-grill-plus","8":"first","9":"instock","10":"shipping-taxable","11":"purchasable","12":"product-type-simple"},"aioseo_notices":[],"_links":{"self":[{"href":"https:\/\/www.elangrill.com\/en\/wp-json\/wp\/v2\/product\/5732","targetHints":{"allow":["GET"]}}],"collection":[{"href":"https:\/\/www.elangrill.com\/en\/wp-json\/wp\/v2\/product"}],"about":[{"href":"https:\/\/www.elangrill.com\/en\/wp-json\/wp\/v2\/types\/product"}],"wp:featuredmedia":[{"embeddable":true,"href":"https:\/\/www.elangrill.com\/en\/wp-json\/wp\/v2\/media\/5733"}],"wp:attachment":[{"href":"https:\/\/www.elangrill.com\/en\/wp-json\/wp\/v2\/media?parent=5732"}],"wp:term":[{"taxonomy":"product_brand","embeddable":true,"href":"https:\/\/www.elangrill.com\/en\/wp-json\/wp\/v2\/product_brand?post=5732"},{"taxonomy":"product_cat","embeddable":true,"href":"https:\/\/www.elangrill.com\/en\/wp-json\/wp\/v2\/product_cat?post=5732"},{"taxonomy":"product_tag","embeddable":true,"href":"https:\/\/www.elangrill.com\/en\/wp-json\/wp\/v2\/product_tag?post=5732"}],"curies":[{"name":"wp","href":"https:\/\/api.w.org\/{rel}","templated":true}]}}