{"id":1881,"date":"2022-09-13T13:40:53","date_gmt":"2022-09-13T13:40:53","guid":{"rendered":"http:\/\/elangrill.com\/?post_type=product&#038;p=1881"},"modified":"2025-06-03T13:40:25","modified_gmt":"2025-06-03T13:40:25","slug":"gn1-1-termoventilato","status":"publish","type":"product","link":"https:\/\/www.elangrill.com\/en\/product\/gn1-1-termoventilato\/","title":{"rendered":"GN1\/1 Termoventilated"},"content":{"rendered":"<p><span style=\"text-decoration: underline;\"><strong>TECHNICAL FEATURES:<\/strong><\/span><\/p>\n<div class=\"vc_row wpb_row vc_row-fluid\">\n<div class=\"wpb_column vc_column_container vc_col-sm-4 vc_hidden-xs\">\n<div class=\"vc_column-inner\">\n<div class=\"wpb_wrapper\">\n<div class=\"wpb_text_column wpb_content_element\">\n<div class=\"wpb_wrapper\">\n<ul>\n<li>Dimensions: mm 600 x 360 x 300 h<\/li>\n<li>Power: 0.44 kW<\/li>\n<li>Voltage: 230 V<\/li>\n<\/ul>\n<p>&nbsp;<\/p>\n<p>Optional: Cabinet with wheels and shelf<\/p>\n<\/div>\n<\/div>\n<\/div>\n<\/div>\n<\/div>\n<\/div>\n<p>&nbsp;<\/p>\n<p>Le tavole calde Elangrill sono una soluzione pensata non solo per mantenere caldi e fragranti i cibi cotti, ma anche per esaltarne la presentazione. Realizzate con un sistema di ventilazione\u00a0 e controllo preciso della temperatura, questi dispositivi sono progettati per mantenere livelli di temperatura ottimali, cos\u00ec che i tuoi piatti rimangano come appena sfornati. La funzionalit\u00e0 non \u00e8 l&#8217;unica caratteristica di questo dispositivo: infatti, il suo interno \u00e8 dotato di luci a LED posizionate strategicamente per esaltare l&#8217;aspetto dei cibi, rendendoli irresistibili all&#8217;acquisto.<\/p>","protected":false},"excerpt":{"rendered":"<p style=\"text-align: center;\">EVERYTHING<br \/>\nALWAYS HOT AND READY<\/p>","protected":false},"featured_media":3595,"template":"","meta":[],"product_brand":[],"product_cat":[96],"product_tag":[],"class_list":{"0":"post-1881","1":"product","2":"type-product","3":"status-publish","4":"has-post-thumbnail","6":"product_cat-modelli-termo-ventilati","8":"first","9":"instock","10":"shipping-taxable","11":"purchasable","12":"product-type-simple"},"aioseo_notices":[],"_links":{"self":[{"href":"https:\/\/www.elangrill.com\/en\/wp-json\/wp\/v2\/product\/1881","targetHints":{"allow":["GET"]}}],"collection":[{"href":"https:\/\/www.elangrill.com\/en\/wp-json\/wp\/v2\/product"}],"about":[{"href":"https:\/\/www.elangrill.com\/en\/wp-json\/wp\/v2\/types\/product"}],"wp:featuredmedia":[{"embeddable":true,"href":"https:\/\/www.elangrill.com\/en\/wp-json\/wp\/v2\/media\/3595"}],"wp:attachment":[{"href":"https:\/\/www.elangrill.com\/en\/wp-json\/wp\/v2\/media?parent=1881"}],"wp:term":[{"taxonomy":"product_brand","embeddable":true,"href":"https:\/\/www.elangrill.com\/en\/wp-json\/wp\/v2\/product_brand?post=1881"},{"taxonomy":"product_cat","embeddable":true,"href":"https:\/\/www.elangrill.com\/en\/wp-json\/wp\/v2\/product_cat?post=1881"},{"taxonomy":"product_tag","embeddable":true,"href":"https:\/\/www.elangrill.com\/en\/wp-json\/wp\/v2\/product_tag?post=1881"}],"curies":[{"name":"wp","href":"https:\/\/api.w.org\/{rel}","templated":true}]}}