{"id":1879,"date":"2022-09-13T13:39:50","date_gmt":"2022-09-13T13:39:50","guid":{"rendered":"http:\/\/elangrill.com\/?post_type=product&#038;p=1879"},"modified":"2025-06-03T14:23:16","modified_gmt":"2025-06-03T14:23:16","slug":"tavola-calda-tcr1","status":"publish","type":"product","link":"https:\/\/www.elangrill.com\/en\/product\/tavola-calda-tcr1\/","title":{"rendered":"Tavola Calda TCR1"},"content":{"rendered":"<p><span style=\"text-decoration: underline;\"><strong>TECHNICAL FEATURES:<\/strong><\/span><\/p>\n<div class=\"vc_row wpb_row vc_row-fluid\">\n<div class=\"wpb_column vc_column_container vc_col-sm-4 vc_hidden-xs\">\n<div class=\"vc_column-inner\">\n<div class=\"wpb_wrapper\">\n<div class=\"wpb_text_column wpb_content_element\">\n<div class=\"wpb_wrapper\">\n<ul>\n<li>Struttura in acciaio inox<\/li>\n<li>Interno camera con riscaldamento e ventilazione per uniformare il calore<\/li>\n<li>Illuminazione con lampade LED per una netta riduzione dei consumi energetici<\/li>\n<li>Termostato digitale per il controllo della temperatura impostato a 65\u00b0 come da normative<\/li>\n<li>2 porte con vetri temperati di facile pulizia<\/li>\n<li>Vetri laterali temperati<\/li>\n<li>1 Bacinella estraibile GN 2\/1 con contro bacinella inox forata per l&#8217;evaporazione dell&#8217;acqua<\/li>\n<li>2 ripiani illuminati per una migliore visualizzazione dei prodotti<\/li>\n<li>Potenza: 1,45 kW<\/li>\n<li>Voltaggio: V.230 con spina schuko<\/li>\n<li>Capacit\u00e0 contenitiva: 22 contenitori di pollo arrosto<\/li>\n<li>Dimensions mm 629 x 713 x 881 h<\/li>\n<\/ul>\n<\/div>\n<\/div>\n<\/div>\n<\/div>\n<\/div>\n<\/div>\n<p>&nbsp;<\/p>\n<p>Le tavole calde Elangrill sono una soluzione pensata non solo per mantenere caldi e fragranti i cibi cotti, ma anche per esaltarne la presentazione. Realizzate con un sistema di ventilazione\u00a0 e controllo preciso della temperatura, questi dispositivi sono progettati per mantenere livelli di temperatura ottimali, cos\u00ec che i tuoi piatti rimangano come appena sfornati. La funzionalit\u00e0 non \u00e8 l&#8217;unica caratteristica di questo dispositivo: infatti, il suo interno \u00e8 dotato di luci a LED posizionate strategicamente per esaltare l&#8217;aspetto dei cibi, rendendoli irresistibili all&#8217;acquisto.<\/p>","protected":false},"excerpt":{"rendered":"<p style=\"text-align: center;\">EVERYTHING<br \/>\nALWAYS HOT AND READY<\/p>","protected":false},"featured_media":3594,"template":"","meta":[],"product_brand":[],"product_cat":[95],"product_tag":[],"class_list":{"0":"post-1879","1":"product","2":"type-product","3":"status-publish","4":"has-post-thumbnail","6":"product_cat-modelli-ventilati-tavola-calda","8":"first","9":"instock","10":"shipping-taxable","11":"purchasable","12":"product-type-simple"},"aioseo_notices":[],"_links":{"self":[{"href":"https:\/\/www.elangrill.com\/en\/wp-json\/wp\/v2\/product\/1879","targetHints":{"allow":["GET"]}}],"collection":[{"href":"https:\/\/www.elangrill.com\/en\/wp-json\/wp\/v2\/product"}],"about":[{"href":"https:\/\/www.elangrill.com\/en\/wp-json\/wp\/v2\/types\/product"}],"wp:featuredmedia":[{"embeddable":true,"href":"https:\/\/www.elangrill.com\/en\/wp-json\/wp\/v2\/media\/3594"}],"wp:attachment":[{"href":"https:\/\/www.elangrill.com\/en\/wp-json\/wp\/v2\/media?parent=1879"}],"wp:term":[{"taxonomy":"product_brand","embeddable":true,"href":"https:\/\/www.elangrill.com\/en\/wp-json\/wp\/v2\/product_brand?post=1879"},{"taxonomy":"product_cat","embeddable":true,"href":"https:\/\/www.elangrill.com\/en\/wp-json\/wp\/v2\/product_cat?post=1879"},{"taxonomy":"product_tag","embeddable":true,"href":"https:\/\/www.elangrill.com\/en\/wp-json\/wp\/v2\/product_tag?post=1879"}],"curies":[{"name":"wp","href":"https:\/\/api.w.org\/{rel}","templated":true}]}}