{"id":1101,"date":"2022-08-29T13:43:41","date_gmt":"2022-08-29T13:43:41","guid":{"rendered":"http:\/\/elangrill.com\/?post_type=product&#038;p=1101"},"modified":"2025-06-03T14:03:08","modified_gmt":"2025-06-03T14:03:08","slug":"elba-24p-6-aste","status":"publish","type":"product","link":"https:\/\/www.elangrill.com\/en\/product\/elba-24p-6-aste\/","title":{"rendered":"Elba 24P | 6 Spits"},"content":{"rendered":"<p><span style=\"text-decoration: underline;\"><strong>TECHNICAL FEATURES:<\/strong><\/span><\/p>\n<div class=\"vc_row wpb_row vc_row-fluid\">\n<div class=\"wpb_column vc_column_container vc_col-sm-4 vc_hidden-xs\">\n<div class=\"vc_column-inner\">\n<div class=\"wpb_wrapper\">\n<div class=\"wpb_text_column wpb_content_element\">\n<div class=\"wpb_wrapper\">\n<ul>\n<li>Stainless steel structure in ribbed and reinforced stainless steel, insulated with ceramic insulator<\/li>\n<li>Low E tempered glass<\/li>\n<li>Independent motors<\/li>\n<li>Removable bucket for fat collection<\/li>\n<li>6 stainless steel tubular spits 12 x 12 mm, 760 mm<\/li>\n<li>Dimensions: mm 921 x 391 x 1220 h<\/li>\n<\/ul>\n<\/div>\n<\/div>\n<\/div>\n<\/div>\n<\/div>\n<\/div>\n<p>&nbsp;<\/p>\n<p>I girarrosti verticali Elba sono studiati per le piccole e medie produzioni. La porta frontale in vetro temperato offre un&#8217;ottima visione della camera consentendo di monitorare la cottura. Le aste indipendenti permettono di cuocere diverse pietanze contemporaneamente: ogni asta, infatti, pu\u00f2 essere accesa in base alle necessit\u00e0. L&#8217;illuminazione interna aggiunge un tocco di eleganza e praticit\u00e0, garantendo una visibilit\u00e0 ottimale durante la cottura esaltando la presentazione del cibo.<\/p>","protected":false},"excerpt":{"rendered":"<p style=\"text-align: center;\">GAS AND ELECTRIC VERTICAL ROTISSERIES:<br \/>\nideal for small and medium production<\/p>","protected":false},"featured_media":4561,"template":"","meta":[],"product_brand":[],"product_cat":[47],"product_tag":[],"class_list":{"0":"post-1101","1":"product","2":"type-product","3":"status-publish","4":"has-post-thumbnail","6":"product_cat-verticali-elba","8":"first","9":"instock","10":"shipping-taxable","11":"purchasable","12":"product-type-simple"},"aioseo_notices":[],"_links":{"self":[{"href":"https:\/\/www.elangrill.com\/en\/wp-json\/wp\/v2\/product\/1101","targetHints":{"allow":["GET"]}}],"collection":[{"href":"https:\/\/www.elangrill.com\/en\/wp-json\/wp\/v2\/product"}],"about":[{"href":"https:\/\/www.elangrill.com\/en\/wp-json\/wp\/v2\/types\/product"}],"wp:featuredmedia":[{"embeddable":true,"href":"https:\/\/www.elangrill.com\/en\/wp-json\/wp\/v2\/media\/4561"}],"wp:attachment":[{"href":"https:\/\/www.elangrill.com\/en\/wp-json\/wp\/v2\/media?parent=1101"}],"wp:term":[{"taxonomy":"product_brand","embeddable":true,"href":"https:\/\/www.elangrill.com\/en\/wp-json\/wp\/v2\/product_brand?post=1101"},{"taxonomy":"product_cat","embeddable":true,"href":"https:\/\/www.elangrill.com\/en\/wp-json\/wp\/v2\/product_cat?post=1101"},{"taxonomy":"product_tag","embeddable":true,"href":"https:\/\/www.elangrill.com\/en\/wp-json\/wp\/v2\/product_tag?post=1101"}],"curies":[{"name":"wp","href":"https:\/\/api.w.org\/{rel}","templated":true}]}}