{"id":5337,"date":"2023-03-23T14:36:53","date_gmt":"2023-03-23T14:36:53","guid":{"rendered":"https:\/\/www.elangrill.com\/centro-privacy\/disclaimer\/"},"modified":"2023-03-23T14:52:43","modified_gmt":"2023-03-23T14:52:43","slug":"disclaimer-per-copyright","status":"publish","type":"page","link":"https:\/\/www.elangrill.com\/en\/centro-privacy\/disclaimer-per-copyright\/","title":{"rendered":"Disclaimer per copyright"},"content":{"rendered":"<div data-elementor-type=\"wp-page\" data-elementor-id=\"5337\" class=\"elementor elementor-5337\" data-elementor-post-type=\"page\">\n\t\t\t\t\t\t<section class=\"elementor-section elementor-top-section elementor-element elementor-element-7f36c4e5 elementor-section-boxed elementor-section-height-default elementor-section-height-default\" data-id=\"7f36c4e5\" data-element_type=\"section\" data-e-type=\"section\">\n\t\t\t\t\t\t<div class=\"elementor-container elementor-column-gap-default\">\n\t\t\t\t\t<div class=\"elementor-column elementor-col-100 elementor-top-column elementor-element elementor-element-6720102b\" data-id=\"6720102b\" data-element_type=\"column\" data-e-type=\"column\">\n\t\t\t<div class=\"elementor-widget-wrap elementor-element-populated\">\n\t\t\t\t\t\t<div class=\"elementor-element elementor-element-6da62423 elementor-widget elementor-widget-text-editor\" data-id=\"6da62423\" data-element_type=\"widget\" data-e-type=\"widget\" data-widget_type=\"text-editor.default\">\n\t\t\t\t<div class=\"elementor-widget-container\">\n\t\t\t\t\t\t\t\t\t<section class=\"elementor-section elementor-top-section elementor-element elementor-element-cbc3ab7 elementor-section-boxed elementor-section-height-default elementor-section-height-default\" data-id=\"cbc3ab7\" data-element_type=\"section\"><div class=\"elementor-container elementor-column-gap-default\"><div class=\"elementor-column elementor-col-100 elementor-top-column elementor-element elementor-element-2569d8c\" data-id=\"2569d8c\" data-element_type=\"column\"><div class=\"elementor-widget-wrap elementor-element-populated\"><div class=\"elementor-element elementor-element-4c7a03b elementor-widget elementor-widget-heading\" data-id=\"4c7a03b\" data-element_type=\"widget\" data-widget_type=\"heading.default\"><div class=\"elementor-widget-container\"><h2 class=\"elementor-heading-title elementor-size-default\">DISCLAIMER PER COPYRIGHT<\/h2><\/div><\/div><\/div><\/div><\/div><\/section><section class=\"elementor-section elementor-top-section elementor-element elementor-element-1853fda5 elementor-section-boxed elementor-section-height-default elementor-section-height-default\" data-id=\"1853fda5\" data-element_type=\"section\"><div class=\"elementor-container elementor-column-gap-default\"><div class=\"elementor-column elementor-col-100 elementor-top-column elementor-element elementor-element-24d90787\" data-id=\"24d90787\" data-element_type=\"column\"><div class=\"elementor-widget-wrap elementor-element-populated\"><div class=\"elementor-element elementor-element-19a14f88 elementor-widget elementor-widget-text-editor\" data-id=\"19a14f88\" data-element_type=\"widget\" data-widget_type=\"text-editor.default\"><div class=\"elementor-widget-container\"><p><strong>Linee Guida Generali sulla tutela dei diritti di propriet\u00e0 intellettuale e industriale sul Sito<\/strong><\/p><p><strong>Sito web www.elangrill.com<\/strong><\/p><p>Tutti i contenuti di questo sito web sono propriet\u00e0 esclusiva e riservata del titolare \u00a0e\/o dei suoi aventi causa e\/o di terzi soggetti ove indicati, e sono protetti dalle vigenti norme nazionali ed internazionali in materia di tutela dei diritti di Propriet\u00e0 Intellettuale e\/o Industriale.<\/p><p>Con la dizione \u201cSito\u201d si intende fare riferimento ad ogni contenuto ed elemento tecnico-informatico a base del Sito medesimo, ivi compresi, a titolo esemplificativo e non esaustivo, i software che ne consentono l\u2019operativit\u00e0 ed i relativi codici, le banche dati elettroniche, i testi, le fotografie, le animazioni, i file audio e video indipendentemente dal formato, le riproduzioni di marchi, logo, etc le soluzioni tecniche adottate, le realizzazioni grafiche, la struttura ed ogni altra parte gi\u00e0 realizzata o da realizzare.<\/p><\/div><p>Con la dizione \u201cDiritti di Propriet\u00e0 Intellettuale e Industriale\u201d relativi al Sito si intende fare riferimento al complesso dei diritti riconosciuti e tutelati dalle vigenti normative nazionali ed internazionali, tra cui \u2013 a titolo esemplificativo e non esaustivo, relativamente a tutti gli Stati del mondo e senza alcun termine \u2013 ogni diritto discendente da brevetti (ivi compreso il diritto di deposito della relativa domanda), diritti d\u2019autore presenti o futuri, marchi d\u2019impresa e\/o di servizio (sia registrato che utilizzato in via di fatto dal Titolare), brand, nomi commerciali, ditte, know-how, nomi a dominio, banche di dati e tutte le relative applicazioni.<\/p><p>Con la dizione \u201cMateriali\u201d si intende fare riferimento ad ogni contenuto del Sito rappresentato \u2013 a titolo esemplificativo e non esaustivo \u2013 da testi, immagini, realizzazioni grafiche, files, software di ogni tipo, materiali audio, video, animazioni virtuali, elementi multimediali e\/o ipertestuali, indipendentemente dai formati, dai supporti che li contengono, dall\u2019estensione (a titolo esemplificativo e non esaustivo: mp3, wav, jpg, mpeg, gif, doc, etc), dalla dimensione, dalle versioni in uso, dalle tecniche utilizzate per la loro distribuzione e\/o trasmissione.<\/p><p>I Materiali pubblicati sul Sito non potranno essere utilizzati senza avere ottenuto una previa autorizzazione scritta da parte del Titolare e\/o dagli aventi diritto che se ne riservano espressamente ogni forma di riproduzione ed utilizzo e \u2013 ove non irragionevolmente negata tale autorizzazione per iscritto \u2013 dovranno comunque:<\/p><div class=\"elementor-widget-container\"><ol><li>rimanere nel loro formato originale e, qualora riprodotti, dovranno sempre recare le indicazioni proprietarie o relative al copyright o agli autori;<\/li><li>non comportare l\u2019utilizzo, a qualsiasi titolo e per qualsiasi finalit\u00e0, a scopo di lucro;<\/li><li>citare la fonte, l\u2019autore e\/o titolare dei diritti sui Materiali e l\u2019indirizzo web da cui sono stati tratti;<\/li><\/ol><p>\u00a0<\/p><p>L\u2019utilizzo in qualsiasi modo ed a qualsiasi titolo di Materiali rappresentati da testi legali (es: informative, condizioni contrattuali, etc) pubblicati on line sul Sito \u00e8 strettamente vietato. Ogni violazione sar\u00e0 perseguita a norma di legge. Per l\u2019inserimento dei materiali pubblicati sul Sito collezioni e\/o antologie \u2013 anche digitali \u2013 \u00a0\u00e8 necessario richiedere l\u2019autorizzazione scritta del Titolare.<\/p><p><strong>Riproduzione di articoli, notizie giornalistiche e Rassegne Stampa<\/strong><\/p><p>La riproduzione e l\u2019utilizzo degli articoli contenuti nella sezione \u201cNotizie\u201d del Sito dovr\u00e0 essere conforme a quanto previsto dagli articoli 65 e 101 della Legge 22 Aprile 1941, n. 633 e successive modifiche ed integrazioni, che prevedono: (art. 65) \u201c\u00a0<em>gli articoli di attualit\u00e0 di carattere economico, politico o religioso, pubblicati nelle riviste o nei giornali, oppure radiodiffusi o messi a disposizione del pubblico, e gli altri materiali dello stesso carattere possono essere liberamente riprodotti o comunicati al pubblico in altre riviste o giornali, anche radiotelevisivi, se la riproduzione o l\u2019utilizzazione non \u00e8 stata espressamente riservata, purch\u00e9 si indichino la fonte da cui sono tratti, la data e il nome dell\u2019autore, se riportato<\/em>\u00a0\u201d; (art. 101) \u201c\u00a0<em>la riproduzione di informazioni e notizie \u00e8 lecita purch\u00e9 non sia effettuata con l\u2019impiego di atti contrari agli usi onesti in materia giornalistica e purch\u00e9 se ne citi la fonte<\/em>. \u201d<\/p><p><strong>Banche dati elettroniche<\/strong><\/p><p>Ogni diritto sulle banche dati elettroniche eventualmente presenti e consultabili sul Sito \u00e8 riservato. E\u2019 vietata, ove non diversamente previsto, l\u2019estrazione, la riproduzione e ogni altro utilizzo, nei limiti di quanto previsto dagli articolo 64-<em>quinquies\u00a0<\/em>e 64-<em>sexies<\/em>\u00a0della Legge 22 Aprile 1941, n. 633 e successive modifiche ed integrazioni. Sul punto, si ricorda che ai sensi dell\u2019articolo 102-<em>ter<\/em>\u00a0della citata legge, l\u2019utente legittimo della banca di dati elettronica messa a disposizione del pubblico non pu\u00f2 arrecare pregiudizio al titolare del diritto d\u2019autore o di un altro diritto connesso relativo ad opere o prestazioni contenute in tale banca. Inoltre, l\u2019utente legittimo di una banca di dati messa in qualsiasi modo a disposizione del pubblico non pu\u00f2 eseguire operazioni che siano in contrasto con la normale gestione della banca di dati o che arrechino un ingiustificato pregiudizio al costitutore della banca di dati. Non sono soggette all\u2019autorizzazione del costitutore della banca di dati messa per qualsiasi motivo a disposizione del pubblico le attivit\u00e0 di estrazione o reimpiego di parti non sostanziali, valutate in termini qualitativi e quantitativi, del contenuto della banca di dati per qualsivoglia fine effettuate dall\u2019utente legittimo.<\/p><p><strong>Marchi, nomi a dominio e altri segni distintivi<\/strong><\/p><p>I marchi, i nomi commerciali, i logotipi, i nomi a dominio e qualsiasi altro segno distintivo cos\u00ec come tutti i contenuti, i testi, le immagini, i software riportati su questo sito, le combinazioni di colori, la selezione della struttura, la gestione e la presentazione dei suoi contenuti sono propriet\u00e0 esclusiva del titolare e\/o dei suoi partners o danti causa o aventi causa.<\/p><p>Essi non possono essere utilizzati \u2013 per qualsiasi fine \u2013 senza il preventivo consenso scritto. I segni distintivi qui pubblicati non possono essere utilizzati come indirizzi Internet e\/o nomi a dominio per altri siti web, o quali parti di tali indirizzi e nomi a dominio, senza il preventivo consenso scritto.<\/p><p>Tutti i diritti di propriet\u00e0 intellettuale e industriale cos\u00ec come previsti dalle normative nazionali e internazionali di settore sono espressamente riservati ai titolari. In caso di violazione, gli autori saranno perseguiti a norma di legge.<\/p><p><strong>Varie<\/strong><\/p><p>Per qualsiasi chiarimento in ordine all\u2019utilizzo dei Materiali disponibili sul Sito e\/o in merito al regime dei Diritti di Propriet\u00e0 Intellettuale e Industriale, \u00e8 possibile contattare il responsabile <strong>ELANGRILL S.R.L.<\/strong><strong> all\u2019indirizzo info@elangrill.com\u00a0<\/strong><\/p><p>I Materiali pubblicati nel Sito sono stati attentamente vagliati e analizzati, e sono stati elaborati con la massima cura. In ogni caso errori, inesattezze e omissioni sono possibili. Ad esclusione di servizi legali professionali forniti on-line, il Titolare non potr\u00e0 essere ritenuto responsabile \u2013 con riferimento ai Materiali liberamente consultabili sul Sito \u2013 per errori ed omissioni n\u00e9 per qualsiasi affidamento che l\u2019utente faccia circa i Materiali.<\/p><p>Ove non diversamente previsto, le informazioni contenute nei Materiali hanno carattere esclusivamente informativo e di aggiornamento e non hanno carattere esaustivo, n\u00e9 possono essere intese come espressione di un parere o di una indicazione o presupposto al fine di adottare decisioni. Il Titolare non potr\u00e0 essere considerato responsabile per qualsiasi azione od omissione posta in essere dagli utenti a seguito dell\u2019uso delle informazioni contenute nei Materiali senza aver richiesto preventivamente al Titolare uno specifico approfondimento o parere in merito.<\/p><p>L\u2019utente si impegna a rispettare scrupolosamente le condizioni di utilizzo dei Materiali fruibili sul Sito ed a rispettare tutti i Diritti di Propriet\u00e0 Intellettuale e Industriale ad essi relativi. L\u2019utente risponder\u00e0 in proprio di tutti gli eventuali atti illeciti o lesivi ad esso imputabili, conferendo altres\u00ec la pi\u00f9 ampia manleva al Titolare nel caso il comportamento in violazione delle normative nazionali e\/o internazionali a tutela della Propriet\u00e0 Intellettuale e\/o Industriale \u2013 quivi integralmente richiamate ed applicabili per quanto non espressamente previsto \u2013 leda diritti di terzi soggetti in genere.<\/p><\/div><\/div><\/div><\/div><\/div><\/section>\t\t\t\t\t\t\t\t<\/div>\n\t\t\t\t<\/div>\n\t\t\t\t\t<\/div>\n\t\t<\/div>\n\t\t\t\t\t<\/div>\n\t\t<\/section>\n\t\t\t\t<\/div>","protected":false},"excerpt":{"rendered":"<p>DISCLAIMER PER COPYRIGHT Linee Guida Generali sulla tutela dei diritti di propriet\u00e0 intellettuale e industriale sul Sito Sito web www.elangrill.com Tutti i contenuti di questo sito web sono propriet\u00e0 esclusiva e riservata del titolare \u00a0e\/o dei suoi aventi causa e\/o di terzi soggetti ove indicati, e sono protetti dalle vigenti norme nazionali ed internazionali in [&hellip;]<\/p>\n","protected":false},"author":3,"featured_media":0,"parent":5332,"menu_order":0,"comment_status":"closed","ping_status":"closed","template":"","meta":{"footnotes":""},"class_list":["post-5337","page","type-page","status-publish","hentry"],"aioseo_notices":[],"_links":{"self":[{"href":"https:\/\/www.elangrill.com\/en\/wp-json\/wp\/v2\/pages\/5337","targetHints":{"allow":["GET"]}}],"collection":[{"href":"https:\/\/www.elangrill.com\/en\/wp-json\/wp\/v2\/pages"}],"about":[{"href":"https:\/\/www.elangrill.com\/en\/wp-json\/wp\/v2\/types\/page"}],"author":[{"embeddable":true,"href":"https:\/\/www.elangrill.com\/en\/wp-json\/wp\/v2\/users\/3"}],"replies":[{"embeddable":true,"href":"https:\/\/www.elangrill.com\/en\/wp-json\/wp\/v2\/comments?post=5337"}],"version-history":[{"count":14,"href":"https:\/\/www.elangrill.com\/en\/wp-json\/wp\/v2\/pages\/5337\/revisions"}],"predecessor-version":[{"id":5359,"href":"https:\/\/www.elangrill.com\/en\/wp-json\/wp\/v2\/pages\/5337\/revisions\/5359"}],"up":[{"embeddable":true,"href":"https:\/\/www.elangrill.com\/en\/wp-json\/wp\/v2\/pages\/5332"}],"wp:attachment":[{"href":"https:\/\/www.elangrill.com\/en\/wp-json\/wp\/v2\/media?parent=5337"}],"curies":[{"name":"wp","href":"https:\/\/api.w.org\/{rel}","templated":true}]}}