{"id":5334,"date":"2023-03-23T14:36:53","date_gmt":"2023-03-23T14:36:53","guid":{"rendered":"https:\/\/www.elangrill.com\/centro-privacy\/informativa-sui-cookie\/"},"modified":"2023-03-23T15:37:31","modified_gmt":"2023-03-23T15:37:31","slug":"informativa-sui-cookie","status":"publish","type":"page","link":"https:\/\/www.elangrill.com\/en\/centro-privacy\/informativa-sui-cookie\/","title":{"rendered":"Informativa sui cookie"},"content":{"rendered":"<div data-elementor-type=\"wp-page\" data-elementor-id=\"5334\" class=\"elementor elementor-5334\" data-elementor-post-type=\"page\">\n\t\t\t\t\t\t<section class=\"elementor-section elementor-top-section elementor-element elementor-element-62789c63 elementor-section-boxed elementor-section-height-default elementor-section-height-default\" data-id=\"62789c63\" data-element_type=\"section\" data-e-type=\"section\">\n\t\t\t\t\t\t<div class=\"elementor-container elementor-column-gap-default\">\n\t\t\t\t\t<div class=\"elementor-column elementor-col-100 elementor-top-column elementor-element elementor-element-387e96bf\" data-id=\"387e96bf\" data-element_type=\"column\" data-e-type=\"column\">\n\t\t\t<div class=\"elementor-widget-wrap elementor-element-populated\">\n\t\t\t\t\t\t<div class=\"elementor-element elementor-element-553efc89 elementor-widget elementor-widget-text-editor\" data-id=\"553efc89\" data-element_type=\"widget\" data-e-type=\"widget\" data-widget_type=\"text-editor.default\">\n\t\t\t\t<div class=\"elementor-widget-container\">\n\t\t\t\t\t\t\t\t\t<section class=\"elementor-section elementor-top-section elementor-element elementor-element-57fa225 elementor-section-boxed elementor-section-height-default elementor-section-height-default\" data-id=\"57fa225\" data-element_type=\"section\"><div class=\"elementor-container elementor-column-gap-default\"><div class=\"elementor-column elementor-col-100 elementor-top-column elementor-element elementor-element-8701c2f\" data-id=\"8701c2f\" data-element_type=\"column\"><div class=\"elementor-widget-wrap elementor-element-populated\"><div class=\"elementor-element elementor-element-296612a elementor-widget elementor-widget-heading\" data-id=\"296612a\" data-element_type=\"widget\" data-widget_type=\"heading.default\"><div class=\"elementor-widget-container\"><h3 class=\"elementor-heading-title elementor-size-default\">INFORMATIVA SUI COOKIE<\/h3><\/div><\/div><\/div><\/div><\/div><\/section><section class=\"elementor-section elementor-top-section elementor-element elementor-element-52f34413 elementor-section-boxed elementor-section-height-default elementor-section-height-default\" data-id=\"52f34413\" data-element_type=\"section\"><div class=\"elementor-container elementor-column-gap-default\"><div class=\"elementor-column elementor-col-100 elementor-top-column elementor-element elementor-element-4713dcba\" data-id=\"4713dcba\" data-element_type=\"column\"><div class=\"elementor-widget-wrap elementor-element-populated\"><div class=\"elementor-element elementor-element-43332e34 elementor-widget elementor-widget-text-editor\" data-id=\"43332e34\" data-element_type=\"widget\" data-widget_type=\"text-editor.default\"><div class=\"elementor-widget-container\"><p>Il sito web <strong><em>www.elangrill.com <\/em><\/strong>utilizza <em>cookie<\/em> e altre tecnologie correlate (di seguito genericamente definiti \u201c<em>cookie<\/em>\u201d). La presente policy contiene le informazioni sulla tipologia e sull\u2019utilizzo dei <em>cookie<\/em> all\u2019interno del sito web.<\/p><ol><li><h4><strong>Cosa sono i <em>cookie<\/em>?<\/strong><\/h4><\/li><\/ol><p>I <em>cookie<\/em> sono piccoli file di testo che i siti visitati inviano ai terminali degli utenti e sono usati per eseguire autenticazioni informatiche, monitoraggio di sessioni, memorizzazione di informazioni su specifiche configurazioni, memorizzazione delle preferenze etc.<\/p><ol start=\"2\"><li><h4><strong>I tipi principali di <em>cookie<\/em><\/strong><\/h4><\/li><\/ol><p>A seconda della provenienza, i <em>cookie<\/em> si distinguono principalmente in due categorie:<\/p><ul><li><strong>cookie di prima parte, <\/strong>ossia cookie generati e gestiti direttamente dal soggetto gestore del sito web sul quale l&#8217;utente sta navigando.<\/li><li><strong>cookie di terza parte<\/strong>, ossia cookie installati sul terminale dell\u2019utente, generati e gestiti da soggetti diversi dal gestore del sito web sul quale l&#8217;utente sta navigando. Gli scopi possono essere molteplici: analisi del traffico, proposizione di annunci pubblicitari, condivisione con i social, ecc.<\/li><\/ul><p>\u00a0<\/p><p>La responsabilit\u00e0 e la gestione dei <em>cookie<\/em> di prima parte \u00e8 assunta in modo diretto dal Titolare.<\/p><p>La responsabilit\u00e0 e la gestione dei <em>cookie<\/em> di terza parte ricade, invece, sui rispettivi Titolari (soggetti terzi), ai quali spetter\u00e0 offrire adeguati meccanismi per la raccolta e\/o revoca del consenso nelle proprie informative.<\/p><p>In base alle finalit\u00e0 di utilizzo, i <em>cookie<\/em> possono essere ulteriormente distinti in:<\/p><ul><li><strong><em>cookie<\/em><\/strong><strong> tecnici o funzionali<\/strong>: servono a navigare pi\u00f9 agevolmente, a non ripetere determinate operazioni e sono necessari per il corretto funzionamento del sito web. Non vengono utilizzati per scopi ulteriori e sono normalmente installati direttamente dal dominio che si sta navigando.<\/li><li><strong><em>cookie<\/em><\/strong><strong> analytics<\/strong>: servono a monitorare da quanti utenti viene consultato il sito web, quali sono le pagine pi\u00f9 visitate, quali sono le parole chiave pi\u00f9 utilizzate e altre informazioni al solo scopo di ottimizzazione delle performance del sito stesso. I dati necessari a questa analisi sono raccolti in forma anonima.<\/li><li><strong><em>cookie<\/em><\/strong><strong> di profilazione<\/strong>: monitorano la navigazione dell&#8217;utente in rete per creare profili sui suoi gusti, abitudini, scelte e altre preferenze. Grazie a questi <em>cookie<\/em> l\u2019utente potr\u00e0 ricevere messaggi pubblicitari mirati alle sue preferenze.<\/li><li><strong><em>cookie<\/em><\/strong><strong> di social network:<\/strong> consentono di condividere anche con altri utenti i contenuti del sito che si sta visitando. Sono i <em>cookie<\/em> tipicamente utilizzati per attivare le funzioni \u201cMi piace\u201d o \u201cSegui\u201d dei social network quali, tra gli altri, Facebook e Twitter. Queste funzioni consentono ai social media di identificare i propri utenti e raccogliere informazioni anche mentre navigano su altri siti, pertanto possono essere mostrati all\u2019utente anche annunci pubblicitari personalizzati. Sono considerati cookie di terza parte.<\/li><\/ul><p>\u00a0<\/p><p>Per avere maggiori informazioni sui <em>cookie<\/em> di terza parte (gestione, settaggio e disattivazione dei <em>cookie<\/em> utilizzati per il trattamento dei dati personali), si invita l\u2019utente a leggere le rispettive privacy e cookie policy, presenti nelle pagine web di propriet\u00e0 dei Titolari terzi.<\/p><ol start=\"3\"><li><h4><strong>I <em>cookie<\/em> utilizzati da questo sito web<\/strong><\/h4><\/li><\/ol><p>Questo sito web utilizza <em>cookie<\/em> per salvare la sessione dell\u2019utente e per svolgere altre attivit\u00e0 strettamente necessarie al corretto funzionamento dello stesso, ad esempio in relazione alla distribuzione del traffico. Inoltre vengono utilizzati <em>cookie<\/em> per salvare le preferenze di navigazione ed ottimizzare l\u2019esperienza di navigazione dell\u2019utente, consentendo di fruire dei servizi offerti.<\/p><p>Cookie strettamente necessari<\/p><table width=\"647\"><tbody><tr><td width=\"239\"><p><strong>Nome del Cookie<\/strong><\/p><\/td><td width=\"66\"><p><strong>Scadenza<\/strong><\/p><\/td><td width=\"135\"><p><strong>Funzione<\/strong><\/p><\/td><td width=\"75\"><p><strong>Tipologia<\/strong><\/p><\/td><td width=\"133\"><p><strong>Categoria<\/strong><\/p><\/td><\/tr><tr><td width=\"239\"><p>wordpress_gdpr_allowed_services<\/p><\/td><td width=\"66\"><p>180gg<\/p><\/td><td width=\"135\"><p>accettazione cookie<\/p><\/td><td width=\"75\"><p>WordPress<\/p><\/td><td width=\"133\"><p>necessario<\/p><\/td><\/tr><tr><td width=\"239\"><p>wordpress_gdpr_cookies_allowed<\/p><\/td><td width=\"66\"><p>180gg<\/p><\/td><td width=\"135\"><p>accettazione cookie<\/p><\/td><td width=\"75\"><p>WordPress<\/p><\/td><td width=\"133\"><p>necessario<\/p><\/td><\/tr><tr><td width=\"239\"><p>wordpress_gdpr_cookies_declined<\/p><\/td><td width=\"66\"><p>180gg<\/p><\/td><td width=\"135\"><p>accettazione cookie<\/p><\/td><td width=\"75\"><p>WordPress<\/p><\/td><td width=\"133\"><p>necessario<\/p><\/td><\/tr><tr><td width=\"239\"><p>wordpress_test_cookie<\/p><\/td><td width=\"66\"><p>sessione<\/p><\/td><td width=\"135\"><p>funzionalit\u00e0 di base<\/p><\/td><td width=\"75\"><p>WordPress<\/p><\/td><td width=\"133\"><p>necessario<\/p><\/td><\/tr><tr><td width=\"239\"><p>wp_lang<\/p><\/td><td width=\"66\"><p>sessione<\/p><\/td><td width=\"135\"><p>funzionalit\u00e0 di base<\/p><\/td><td width=\"75\"><p>WordPress<\/p><\/td><td width=\"133\"><p>necessario<\/p><\/td><\/tr><tr><td width=\"239\"><p>PHPSESSID<\/p><\/td><td width=\"66\"><p>sessione<\/p><\/td><td width=\"135\"><p>consente ai siti Web di memorizzare dati sullo stato della sessione<\/p><\/td><td width=\"75\"><p>PHP<\/p><\/td><td width=\"133\"><p>cookie tecnico<\/p><\/td><\/tr><\/tbody><\/table><p>\u00a0<\/p><p>Cookie in attesa di indagine<\/p><table width=\"656\"><tbody><tr><td width=\"137\"><p><strong>Nome del Cookie<\/strong><\/p><\/td><td width=\"66\"><p><strong>Scadenza<\/strong><\/p><\/td><td width=\"267\"><p><strong>Funzione<\/strong><\/p><\/td><td width=\"65\"><p><strong>Tipologia<\/strong><\/p><\/td><td width=\"121\"><p><strong>Categoria<\/strong><\/p><\/td><\/tr><tr><td width=\"137\"><p>rfqtk_wp_session_*<\/p><\/td><td width=\"66\"><p>Almeno una sessione<\/p><\/td><td width=\"267\"><p>\u00a0<\/p><\/td><td width=\"65\"><p>\u00a0<\/p><\/td><td width=\"121\"><p>\u00a0<\/p><\/td><\/tr><\/tbody><\/table><p>\u00a0<\/p><ol start=\"4\"><li><h4><strong>Google Analytics<\/strong><\/h4><\/li><\/ol><p>Google Analytics \u00e8 un servizio di Web Analytics fornito da Google Inc. Il Titolare utilizza Analytics nelle sue impostazioni base e quindi con il solo scopo di monitorare il flusso di visitatori in maniera anonima e alcuni dati sull\u2019utilizzo delle sezioni interne al sito. Queste informazioni vengono restituite da Google sotto forma di report utili per migliorare e ottimizzare le performance del sito web.<\/p><p>Google non associa l\u2019indirizzo IP dell\u2019utente a nessun altro dato posseduto da Google, n\u00e9 cerca di combinare un indirizzo IP con l&#8217;identit\u00e0 di un utente. Google pu\u00f2 anche trasferire queste informazioni a terzi ove ci\u00f2 sia imposto dalla legge o laddove tali terzi trattino le suddette informazioni per conto di Google.<\/p><p>Se si desiderasse essere esclusi dall\u2019analisi dei <em>cookie<\/em> Google Analytics si prega di scaricare l\u2019apposita estensione fornita da Google e valida per i maggiori browser dal seguente link: <a href=\"https:\/\/tools.google.com\/dlpage\/gaoptout?hl=it\" target=\"_blank\" rel=\"noopener\">https:\/\/tools.google.com\/dlpage\/gaoptout?hl=it<\/a><\/p><ol start=\"5\"><li><h4><strong>Come disabilitare i <em>cookie<\/em><\/strong><\/h4><\/li><\/ol><p>\u00c8 possibile configurare il browser utilizzato per la navigazione per eliminare o per impedire l&#8217;installazione di <em>cookie<\/em>. L&#8217;utente pu\u00f2 controllare quali <em>cookie<\/em> sono istallati, qual \u00e8 la loro durata e, eventualmente, eliminarli. Si riportano di seguito i link dei browser pi\u00f9 diffusi:<\/p><ul><li>Google Chrome (<a href=\"https:\/\/support.google.com\/chrome\/answer\/95464?hl=it\" target=\"_blank\" rel=\"noopener\">https:\/\/support.google.com\/chrome\/answer\/95464?hl=it<\/a>)<\/li><li>Microsoft Internet Explorer (<a href=\"http:\/\/windows.microsoft.com\/it-it\/internet-explorer\/products\/ie-9\/features\/in-private\" target=\"_blank\" rel=\"noopener\">http:\/\/windows.microsoft.com\/it-it\/internet-explorer\/products\/ie-9\/features\/in-private<\/a>)<\/li><li>Mozilla Firefox (<a href=\"https:\/\/support.mozilla.org\/it\/kb\/Navigazione%20anonima\" target=\"_blank\" rel=\"noopener\">https:\/\/support.mozilla.org\/it\/kb\/Navigazione%20anonima<\/a>)<\/li><li>Opera (<a href=\"http:\/\/help.opera.com\/opera\/Windows\/1781\/it\/private.html#privateWindow\" target=\"_blank\" rel=\"noopener\">http:\/\/help.opera.com\/opera\/Windows\/1781\/it\/private.html#privateWindow<\/a>)<\/li><li>Apple Safari (<a href=\"https:\/\/support.apple.com\/it-it\/HT6074\" target=\"_blank\" rel=\"noopener\">https:\/\/support.apple.com\/it-it\/HT6074<\/a>)<\/li><\/ul><p>\u00a0<\/p><p>\u00c8 importante notare che disabilitando tutti i <em>cookie<\/em>, il funzionamento di questo sito potrebbe essere compromesso.<\/p><p><strong>\u00a0<\/strong><\/p><\/div><\/div><\/div><\/div><\/div><\/section>\t\t\t\t\t\t\t\t<\/div>\n\t\t\t\t<\/div>\n\t\t\t\t\t<\/div>\n\t\t<\/div>\n\t\t\t\t\t<\/div>\n\t\t<\/section>\n\t\t\t\t<\/div>","protected":false},"excerpt":{"rendered":"<p>INFORMATIVA SUI COOKIE Il sito web www.elangrill.com utilizza cookie e altre tecnologie correlate (di seguito genericamente definiti \u201ccookie\u201d). La presente policy contiene le informazioni sulla tipologia e sull\u2019utilizzo dei cookie all\u2019interno del sito web. Cosa sono i cookie? I cookie sono piccoli file di testo che i siti visitati inviano ai terminali degli utenti e [&hellip;]<\/p>\n","protected":false},"author":3,"featured_media":0,"parent":5332,"menu_order":0,"comment_status":"closed","ping_status":"closed","template":"","meta":{"footnotes":""},"class_list":["post-5334","page","type-page","status-publish","hentry"],"aioseo_notices":[],"_links":{"self":[{"href":"https:\/\/www.elangrill.com\/en\/wp-json\/wp\/v2\/pages\/5334","targetHints":{"allow":["GET"]}}],"collection":[{"href":"https:\/\/www.elangrill.com\/en\/wp-json\/wp\/v2\/pages"}],"about":[{"href":"https:\/\/www.elangrill.com\/en\/wp-json\/wp\/v2\/types\/page"}],"author":[{"embeddable":true,"href":"https:\/\/www.elangrill.com\/en\/wp-json\/wp\/v2\/users\/3"}],"replies":[{"embeddable":true,"href":"https:\/\/www.elangrill.com\/en\/wp-json\/wp\/v2\/comments?post=5334"}],"version-history":[{"count":12,"href":"https:\/\/www.elangrill.com\/en\/wp-json\/wp\/v2\/pages\/5334\/revisions"}],"predecessor-version":[{"id":5378,"href":"https:\/\/www.elangrill.com\/en\/wp-json\/wp\/v2\/pages\/5334\/revisions\/5378"}],"up":[{"embeddable":true,"href":"https:\/\/www.elangrill.com\/en\/wp-json\/wp\/v2\/pages\/5332"}],"wp:attachment":[{"href":"https:\/\/www.elangrill.com\/en\/wp-json\/wp\/v2\/media?parent=5334"}],"curies":[{"name":"wp","href":"https:\/\/api.w.org\/{rel}","templated":true}]}}